{"id":2450,"date":"2025-08-20T12:32:45","date_gmt":"2025-08-20T10:32:45","guid":{"rendered":"https:\/\/casavacacionalmalaga14.com\/rechtliche-hinweise\/"},"modified":"2025-09-04T13:09:25","modified_gmt":"2025-09-04T11:09:25","slug":"rechtliche-hinweise","status":"publish","type":"page","link":"https:\/\/casavacacionalmalaga14.com\/de\/rechtliche-hinweise\/","title":{"rendered":"Rechtliche Hinweise"},"content":{"rendered":"\t\t<div data-elementor-type=\"wp-page\" data-elementor-id=\"2450\" class=\"elementor elementor-2450 elementor-2208\">\n\t\t\t\t<div class=\"elementor-element elementor-element-21060918 e-flex e-con-boxed e-con e-parent\" data-id=\"21060918\" data-element_type=\"container\" data-settings=\"{&quot;hoteller_ext_is_background_parallax&quot;:&quot;false&quot;,&quot;hoteller_ext_is_background_backdrop&quot;:&quot;false&quot;,&quot;hoteller_ext_is_background_on_scroll&quot;:&quot;false&quot;,&quot;hoteller_ext_link_sidemenu&quot;:&quot;false&quot;,&quot;hoteller_ext_link_fullmenu&quot;:&quot;false&quot;,&quot;hoteller_ext_link_closed_fullmenu&quot;:&quot;false&quot;,&quot;hoteller_ext_is_scrollme&quot;:&quot;false&quot;,&quot;hoteller_ext_is_smoove&quot;:&quot;false&quot;,&quot;hoteller_ext_is_parallax_mouse&quot;:&quot;false&quot;,&quot;hoteller_ext_is_infinite&quot;:&quot;false&quot;,&quot;hoteller_ext_is_fadeout_animation&quot;:&quot;false&quot;,&quot;hoteller_ext_mobile_static&quot;:&quot;false&quot;}\">\n\t\t\t\t\t<div class=\"e-con-inner\">\n\t\t\t\t<div class=\"elementor-element elementor-element-5edabc51 elementor-widget elementor-widget-text-editor\" data-id=\"5edabc51\" data-element_type=\"widget\" data-settings=\"{&quot;hoteller_ext_link_sidemenu&quot;:&quot;false&quot;,&quot;hoteller_ext_link_fullmenu&quot;:&quot;false&quot;,&quot;hoteller_ext_link_closed_fullmenu&quot;:&quot;false&quot;,&quot;hoteller_ext_is_scrollme&quot;:&quot;false&quot;,&quot;hoteller_ext_is_smoove&quot;:&quot;false&quot;,&quot;hoteller_ext_is_parallax_mouse&quot;:&quot;false&quot;,&quot;hoteller_ext_is_infinite&quot;:&quot;false&quot;,&quot;hoteller_ext_is_fadeout_animation&quot;:&quot;false&quot;,&quot;hoteller_ext_mobile_static&quot;:&quot;false&quot;}\" data-widget_type=\"text-editor.default\">\n\t\t\t\t\t\t\t\t\t<p><strong>Rechtliche Hinweise \u2013 Ferienhaus M\u00e1laga 14<\/strong><br>In \u00dcbereinstimmung mit der Informationspflicht gem\u00e4\u00df Artikel 10 des Gesetzes 34\/2002 vom 11. Juli \u00fcber die Dienste der Informationsgesellschaft und des elektronischen Gesch\u00e4ftsverkehrs (LSSI-CE) werden die folgenden Aspekte mitgeteilt:<\/p><p><strong>1. Identifikationsdaten<\/strong><br>Inhaber: Maria Luz Recio Recio<\/p><p>NIF\/CIF: 07859302H<\/p><p>Adresse: Calle Navarra 14, 29018. M\u00e1laga.<\/p><p>Telefon: 619 292 334<\/p><p>E-Mail: cvmalaga14@gmail.com<\/p><p>T\u00e4tigkeit: Touristische Vermietung von Ferienwohnungen in M\u00e1laga<\/p><p><strong>2. Nutzungsbedingungen<\/strong><br>Der Zugriff und die Nutzung dieser Website schreiben dem Nutzer den Status eines Nutzers zu, was die vollst\u00e4ndige Akzeptanz der vorliegenden Bedingungen zum Zeitpunkt der Navigation impliziert.<br>Der Nutzer verpflichtet sich, die Website rechtm\u00e4\u00dfig und in \u00dcbereinstimmung mit den geltenden Gesetzen zu nutzen und darf keine Aktivit\u00e4ten durchf\u00fchren, die Rechte oder Interessen Dritter verletzen.<\/p><p><strong>3. Geistiges und gewerbliches Eigentum<\/strong><br>Alle Inhalte dieser Website (Texte, Bilder, Logos, Design usw.) sind Eigentum des Inhabers oder verf\u00fcgen \u00fcber eine Nutzungslizenz. Ihre Vervielf\u00e4ltigung, Verbreitung oder Umwandlung ohne ausdr\u00fcckliche Genehmigung ist untersagt.<\/p><p><strong>4. Haftung<\/strong><br>Der Inhaber haftet nicht f\u00fcr:<\/p><p>Den Missbrauch, den die Nutzer von der Website machen k\u00f6nnen.<\/p><p>Die Kontinuit\u00e4t und Verf\u00fcgbarkeit der Dienste.<\/p><p>Das Auftreten von Viren oder anderen sch\u00e4dlichen Elementen, die nicht vom Inhaber stammen.<\/p><p>Der Inhaber beh\u00e4lt sich das Recht vor, den Zugriff auf die Website jederzeit aus technischen Gr\u00fcnden, Sicherheitsgr\u00fcnden, Wartungsgr\u00fcnden oder aus anderen Gr\u00fcnden zu unterbrechen.<\/p><p><strong>5. Externe Links<\/strong><br>Falls die Website Links zu Seiten Dritter enth\u00e4lt, \u00fcbernimmt der Inhaber keine Verantwortung f\u00fcr die Inhalte, Dienstleistungen oder Informationen, die auf diesen verlinkten Seiten angeboten werden.<\/p><p><strong>6. Anwendbares Recht und Gerichtsstand<\/strong><br>Der vorliegende Rechtliche Hinweis unterliegt dem spanischen Recht. F\u00fcr die Beilegung von Streitigkeiten, die im Zusammenhang mit dieser Website entstehen k\u00f6nnen, unterwerfen sich die Parteien den Gerichten von M\u00e1laga, es sei denn, die Vorschriften im Bereich der Verbraucher und Nutzer legen einen anderen anwendbaren Gerichtsstand fest.<\/p>\t\t\t\t\t\t\t\t<\/div>\n\t\t\t\t\t<\/div>\n\t\t\t\t<\/div>\n\t\t\t\t<\/div>\n\t\t","protected":false},"excerpt":{"rendered":"<p>Rechtliche Hinweise \u2013 Ferienhaus M\u00e1laga 14In \u00dcbereinstimmung mit der Informationspflicht gem\u00e4\u00df Artikel 10 des Gesetzes 34\/2002 vom 11. Juli \u00fcber die Dienste der Informationsgesellschaft und des elektronischen Gesch\u00e4ftsverkehrs (LSSI-CE) werden die folgenden Aspekte mitgeteilt: 1. IdentifikationsdatenInhaber: Maria Luz Recio Recio [&hellip;]<\/p>\n","protected":false},"author":1,"featured_media":0,"parent":0,"menu_order":0,"comment_status":"closed","ping_status":"closed","template":"","meta":{"_monsterinsights_skip_tracking":false,"_monsterinsights_sitenote_active":false,"_monsterinsights_sitenote_note":"","_monsterinsights_sitenote_category":0,"footnotes":""},"class_list":["post-2450","page","type-page","status-publish","hentry"],"aioseo_notices":[],"_links":{"self":[{"href":"https:\/\/casavacacionalmalaga14.com\/de\/wp-json\/wp\/v2\/pages\/2450","targetHints":{"allow":["GET"]}}],"collection":[{"href":"https:\/\/casavacacionalmalaga14.com\/de\/wp-json\/wp\/v2\/pages"}],"about":[{"href":"https:\/\/casavacacionalmalaga14.com\/de\/wp-json\/wp\/v2\/types\/page"}],"author":[{"embeddable":true,"href":"https:\/\/casavacacionalmalaga14.com\/de\/wp-json\/wp\/v2\/users\/1"}],"replies":[{"embeddable":true,"href":"https:\/\/casavacacionalmalaga14.com\/de\/wp-json\/wp\/v2\/comments?post=2450"}],"version-history":[{"count":1,"href":"https:\/\/casavacacionalmalaga14.com\/de\/wp-json\/wp\/v2\/pages\/2450\/revisions"}],"predecessor-version":[{"id":2451,"href":"https:\/\/casavacacionalmalaga14.com\/de\/wp-json\/wp\/v2\/pages\/2450\/revisions\/2451"}],"wp:attachment":[{"href":"https:\/\/casavacacionalmalaga14.com\/de\/wp-json\/wp\/v2\/media?parent=2450"}],"curies":[{"name":"wp","href":"https:\/\/api.w.org\/{rel}","templated":true}]}}